{"id":51,"date":"2022-08-26T08:42:39","date_gmt":"2022-08-26T08:42:39","guid":{"rendered":"http:\/\/source.wpopal.com\/allegro2\/?page_id=51"},"modified":"2024-05-20T01:52:54","modified_gmt":"2024-05-19T23:52:54","slug":"contact-us","status":"publish","type":"page","link":"https:\/\/xiangleal.com\/ja\/contact-us\/","title":{"rendered":"Contact us"},"content":{"rendered":"<div data-elementor-type=\"wp-page\" data-elementor-id=\"51\" class=\"elementor elementor-51\">\n\t\t\t\t\t\t<div class=\"elementor-section elementor-top-section elementor-element elementor-element-5da01c3 elementor-section-stretched elementor-section-boxed elementor-section-height-default elementor-section-height-default\" data-id=\"5da01c3\" data-element_type=\"section\" data-settings=\"{&quot;stretch_section&quot;:&quot;section-stretched&quot;}\">\n\t\t\t\t\t\t<div class=\"elementor-container elementor-column-gap-no\">\n\t\t\t\t\t<div class=\"elementor-column elementor-col-50 elementor-top-column elementor-element elementor-element-aed9a5f\" data-id=\"aed9a5f\" data-element_type=\"column\">\n\t\t\t<div class=\"elementor-widget-wrap elementor-element-populated\">\n\t\t\t\t\t\t<div class=\"elementor-element elementor-element-e107e3f elementor-widget elementor-widget-heading\" data-id=\"e107e3f\" data-element_type=\"widget\" data-widget_type=\"heading.default\">\n\t\t\t\t<div class=\"elementor-widget-container\">\n\t\t\t<style>\/*! elementor - v3.21.0 - 08-05-2024 *\/\n.elementor-heading-title{padding:0;margin:0;line-height:1}.elementor-widget-heading .elementor-heading-title[class*=elementor-size-]>a{color:inherit;font-size:inherit;line-height:inherit}.elementor-widget-heading .elementor-heading-title.elementor-size-small{font-size:15px}.elementor-widget-heading .elementor-heading-title.elementor-size-medium{font-size:19px}.elementor-widget-heading .elementor-heading-title.elementor-size-large{font-size:29px}.elementor-widget-heading .elementor-heading-title.elementor-size-xl{font-size:39px}.elementor-widget-heading .elementor-heading-title.elementor-size-xxl{font-size:59px}<\/style><h2 class=\"elementor-heading-title elementor-size-default\">CONTACTO<\/h2>\t\t<\/div>\n\t\t\t\t<\/div>\n\t\t\t\t<div class=\"elementor-element elementor-element-708f0bf elementor-widget__width-initial elementor-widget-laptop__width-inherit elementor-widget elementor-widget-text-editor\" data-id=\"708f0bf\" data-element_type=\"widget\" data-widget_type=\"text-editor.default\">\n\t\t\t\t<div class=\"elementor-widget-container\">\n\t\t\t<style>\/*! elementor - v3.21.0 - 08-05-2024 *\/\n.elementor-widget-text-editor.elementor-drop-cap-view-stacked .elementor-drop-cap{background-color:#69727d;color:#fff}.elementor-widget-text-editor.elementor-drop-cap-view-framed .elementor-drop-cap{color:#69727d;border:3px solid;background-color:transparent}.elementor-widget-text-editor:not(.elementor-drop-cap-view-default) .elementor-drop-cap{margin-top:8px}.elementor-widget-text-editor:not(.elementor-drop-cap-view-default) .elementor-drop-cap-letter{width:1em;height:1em}.elementor-widget-text-editor .elementor-drop-cap{float:left;text-align:center;line-height:1;font-size:50px}.elementor-widget-text-editor .elementor-drop-cap-letter{display:inline-block}<\/style>\t\t\t\t<p>\u00a1Bienvenido a nuestra tienda en l\u00ednea! Nos encantar\u00eda ayudarte a encontrar justo lo que necesitas. Si deseas realizar un pedido o si te gustar\u00eda explorar nuestro cat\u00e1logo personalizado, no dudes en ponerte en contacto con nosotros. Estamos aqu\u00ed para ofrecerte la mejor experiencia de compra y asegurarnos de que encuentres exactamente lo que buscas. Nuestro equipo est\u00e1 siempre disponible para responder a tus preguntas y brindarte la asistencia necesaria. \u00a1Esperamos saber de ti pronto!<\/p><p>Env\u00edanos un correo de intenci\u00f3n a <a href=\"mailto:comercial@xiangleal.com\"><strong>comercial@xiangleal.com<\/strong><\/a><\/p>\t\t\t\t\t\t<\/div>\n\t\t\t\t<\/div>\n\t\t\t\t\t<\/div>\n\t\t<\/div>\n\t\t\t\t<div class=\"elementor-column elementor-col-50 elementor-top-column elementor-element elementor-element-c06722a\" data-id=\"c06722a\" data-element_type=\"column\">\n\t\t\t<div class=\"elementor-widget-wrap elementor-element-populated\">\n\t\t\t\t\t\t<div class=\"elementor-element elementor-element-f1d6cfa elementor-widget elementor-widget-google_maps\" data-id=\"f1d6cfa\" data-element_type=\"widget\" data-widget_type=\"google_maps.default\">\n\t\t\t\t<div class=\"elementor-widget-container\">\n\t\t\t<style>\/*! elementor - v3.21.0 - 08-05-2024 *\/\n.elementor-widget-google_maps .elementor-widget-container{overflow:hidden}.elementor-widget-google_maps .elementor-custom-embed{line-height:0}.elementor-widget-google_maps iframe{height:300px}<\/style>\t\t<div class=\"elementor-custom-embed\">\n\t\t\t<iframe loading=\"lazy\"\n\t\t\t\t\tsrc=\"https:\/\/maps.google.com\/maps?q=392-1%20Shimofukui%2C%20Maizuru%2C%20Kyoto%20624-0946%2C%20Jap%C3%B3n&#038;t=m&#038;z=10&#038;output=embed&#038;iwloc=near\"\n\t\t\t\t\ttitle=\"392-1 Shimofukui, Maizuru, Kyoto 624-0946, Jap\u00f3n\"\n\t\t\t\t\taria-label=\"392-1 Shimofukui, Maizuru, Kyoto 624-0946, Jap\u00f3n\"\n\t\t\t><\/iframe>\n\t\t<\/div>\n\t\t\t\t<\/div>\n\t\t\t\t<\/div>\n\t\t\t\t\t<\/div>\n\t\t<\/div>\n\t\t\t\t\t<\/div>\n\t\t<\/div>\n\t\t\t\t<\/div>","protected":false},"excerpt":{"rendered":"<p>CONTACTO \u00a1Bienvenido a nuestra tienda en l\u00ednea! Nos encantar\u00eda ayudarte a encontrar justo lo que necesitas. Si deseas realizar un pedido o si te gustar\u00eda explorar nuestro cat\u00e1logo personalizado, no dudes en ponerte en contacto con nosotros. Estamos aqu\u00ed para ofrecerte la mejor experiencia de compra y asegurarnos de que encuentres exactamente lo que buscas. Nuestro equipo est\u00e1 siempre disponible para responder a tus preguntas y brindarte la asistencia necesaria. \u00a1Esperamos saber de ti pronto! Env\u00edanos un correo de intenci\u00f3n a comercial@xiangleal.com<\/p>","protected":false},"author":1,"featured_media":0,"parent":0,"menu_order":0,"comment_status":"closed","ping_status":"closed","template":"","meta":{"inline_featured_image":false,"footnotes":""},"class_list":["post-51","page","type-page","status-publish","hentry"],"_links":{"self":[{"href":"https:\/\/xiangleal.com\/ja\/wp-json\/wp\/v2\/pages\/51","targetHints":{"allow":["GET"]}}],"collection":[{"href":"https:\/\/xiangleal.com\/ja\/wp-json\/wp\/v2\/pages"}],"about":[{"href":"https:\/\/xiangleal.com\/ja\/wp-json\/wp\/v2\/types\/page"}],"author":[{"embeddable":true,"href":"https:\/\/xiangleal.com\/ja\/wp-json\/wp\/v2\/users\/1"}],"replies":[{"embeddable":true,"href":"https:\/\/xiangleal.com\/ja\/wp-json\/wp\/v2\/comments?post=51"}],"version-history":[{"count":3,"href":"https:\/\/xiangleal.com\/ja\/wp-json\/wp\/v2\/pages\/51\/revisions"}],"predecessor-version":[{"id":2311,"href":"https:\/\/xiangleal.com\/ja\/wp-json\/wp\/v2\/pages\/51\/revisions\/2311"}],"wp:attachment":[{"href":"https:\/\/xiangleal.com\/ja\/wp-json\/wp\/v2\/media?parent=51"}],"curies":[{"name":"wp","href":"https:\/\/api.w.org\/{rel}","templated":true}]}}