{"id":2211,"date":"2024-05-18T18:00:49","date_gmt":"2024-05-18T16:00:49","guid":{"rendered":"https:\/\/xiangleal.com\/?post_type=product&#038;p=2211"},"modified":"2024-05-18T21:13:21","modified_gmt":"2024-05-18T19:13:21","slug":"hoyador-de-2-tiempos-xl-h2t","status":"publish","type":"product","link":"https:\/\/xiangleal.com\/en\/producto\/hoyador-de-2-tiempos-xl-h2t\/","title":{"rendered":"HOYADOR DE 2 TIEMPOS XL-H2T"},"content":{"rendered":"<h3><strong>ESPECIFICACIONES TECNICAS<\/strong><\/h3>\n<p>\u2022 Marca: Xiang Leal<br \/>\n\u2022 Modelo: XL-H2T<br \/>\n\u2022 Tipo de motor: 2 tiempos<br \/>\n\u2022 Origen: Jap\u00f3n<br \/>\n\u2022 Potencia del motor: 3.8 HP<br \/>\n\u2022 Capacidad del tanque de gasolina: 1.8 litros<\/p>\n<h3><strong>DESCRIPCION<\/strong><\/h3>\n<p>La Hoyadora Xiang Leal XL-H2T es una herramienta poderosa dise\u00f1ada para hacer perforaciones en el suelo de manera eficiente y precisa. Con un motor de 2 tiempos de 3.8 HP, esta hoyadora ofrece un rendimiento confiable en una variedad de aplicaciones de perforaci\u00f3n.<\/p>\n","protected":false},"excerpt":{"rendered":"<h3><strong>CARACTERISTICAS<\/strong><\/h3>\n<p>\u2022 Garant\u00eda: 3 a\u00f1os de garant\u00eda en todos los repuestos<br \/>\n\u2022 Repuestos al 100%: Mant\u00e9n tu hoyadora en \u00f3ptimas condiciones con repuestos disponibles en todo momento.<br \/>\n\u2022 Dise\u00f1o robusto: Construcci\u00f3n duradera para un uso prolongado y resistente en diferentes condiciones de trabajo.<br \/>\n\u2022 F\u00e1cil manejo: Dise\u00f1ada para ser f\u00e1cil de usar y transportar, lo que la hace ideal para trabajos en terrenos dif\u00edciles.<br \/>\n\u2022 Versatilidad: Adecuada para una variedad de aplicaciones, como agricultura, construcci\u00f3n, paisajismo y m\u00e1s.<br \/>\n\u2022 Potente motor de 3.8 HP para un rendimiento \u00f3ptimo.<br \/>\n\u2022 Garant\u00eda extendida de 3 a\u00f1os en todos los repuestos.<br \/>\n\u2022 Repuestos al 100% disponibles para un mantenimiento sin problemas.<br \/>\n\u2022 Dise\u00f1o robusto y duradero para un uso prolongado.<br \/>\n\u2022 Ideal para una amplia gama de aplicaciones de perforaci\u00f3n en el suelo.<\/p>\n","protected":false},"featured_media":2274,"comment_status":"open","ping_status":"closed","template":"","meta":{"inline_featured_image":false},"product_cat":[81],"product_tag":[],"class_list":{"0":"post-2211","1":"product","2":"type-product","3":"status-publish","4":"has-post-thumbnail","6":"product_cat-hoyador","8":"first","9":"instock","10":"shipping-taxable","11":"product-type-simple"},"_links":{"self":[{"href":"https:\/\/xiangleal.com\/en\/wp-json\/wp\/v2\/product\/2211","targetHints":{"allow":["GET"]}}],"collection":[{"href":"https:\/\/xiangleal.com\/en\/wp-json\/wp\/v2\/product"}],"about":[{"href":"https:\/\/xiangleal.com\/en\/wp-json\/wp\/v2\/types\/product"}],"replies":[{"embeddable":true,"href":"https:\/\/xiangleal.com\/en\/wp-json\/wp\/v2\/comments?post=2211"}],"wp:featuredmedia":[{"embeddable":true,"href":"https:\/\/xiangleal.com\/en\/wp-json\/wp\/v2\/media\/2274"}],"wp:attachment":[{"href":"https:\/\/xiangleal.com\/en\/wp-json\/wp\/v2\/media?parent=2211"}],"wp:term":[{"taxonomy":"product_cat","embeddable":true,"href":"https:\/\/xiangleal.com\/en\/wp-json\/wp\/v2\/product_cat?post=2211"},{"taxonomy":"product_tag","embeddable":true,"href":"https:\/\/xiangleal.com\/en\/wp-json\/wp\/v2\/product_tag?post=2211"}],"curies":[{"name":"wp","href":"https:\/\/api.w.org\/{rel}","templated":true}]}}