{"id":2193,"date":"2024-05-18T15:22:34","date_gmt":"2024-05-18T13:22:34","guid":{"rendered":"https:\/\/xiangleal.com\/?post_type=product&#038;p=2193"},"modified":"2024-05-18T21:01:10","modified_gmt":"2024-05-18T19:01:10","slug":"motobomba-lodera-de-3-pulgadas-ws-329","status":"publish","type":"product","link":"https:\/\/xiangleal.com\/en\/producto\/motobomba-lodera-de-3-pulgadas-ws-329\/","title":{"rendered":"MOTOBOMBA LODERA DE 3 PULGADAS  &#8211; WS-329"},"content":{"rendered":"<h3><strong>ESPECIFICACIONES TECNICAS<\/strong><\/h3>\n<p>\u2022 Caudal M\u00e1ximo: 84000 litros por hora, lo que la convierte en una opci\u00f3n ideal para tareas que requieren un alto volumen de bombeo.<br \/>\n\u2022 Altura M\u00e1xima de Elevaci\u00f3n: 29 metros, asegurando un bombeo eficiente incluso a alturas significativas.<br \/>\n\u2022 Profundidad de Succi\u00f3n: Hasta 8 metros, lo que permite manejar eficazmente l\u00edquidos a diferentes niveles.<br \/>\n\u2022 Motor: Equipada con un potente motor de 7.5 HP, que proporciona la potencia necesaria para enfrentar una variedad de desaf\u00edos de bombeo.<br \/>\n\u2022 Repuestos al 100%: Garantizamos la disponibilidad de repuestos originales para mantener su motobomba funcionando sin problemas durante su vida \u00fatil.<br \/>\n\u2022 Garant\u00eda: Respaldamos la calidad y durabilidad de nuestra motobomba con una garant\u00eda integral de 3 a\u00f1os.<br \/>\n\u2022 Modelo: WS-329<br \/>\n\u2022 3800 rpm<\/p>\n<h3><strong>DESCRIPCION<\/strong><\/h3>\n<p>\u2022 Calidad japonesa superior respaldada por m\u00e1s de 30 a\u00f1os de experiencia en la industria.<br \/>\n\u2022 Rendimiento excepcional en una amplia gama de aplicaciones.<br \/>\n\u2022 Garant\u00eda l\u00edder en la industria de 3 a\u00f1os y repuestos al 100% disponibles para tu tranquilidad.<br \/>\n\u2022 Soporte t\u00e9cnico experto y atenci\u00f3n al cliente personalizada.<br \/>\n\u2022 Rendimiento excepcional en cualquier entorno.<br \/>\n\u2022 Garant\u00eda extendida y soporte de repuestos.<br \/>\n\u2022 Confianza y fiabilidad comprobadas.<\/p>\n","protected":false},"excerpt":{"rendered":"<h3><strong>APLICACIONES<\/strong><\/h3>\n<p>\u2022 Drenaje de \u00e1reas inundadas.<br \/>\n\u2022 Riego agr\u00edcola en terrenos extensos.<br \/>\n\u2022 Suministro de agua para proyectos de construcci\u00f3n y miner\u00eda.<br \/>\n\u2022 Bombeo de l\u00edquidos en sistemas de tratamiento y purificaci\u00f3n.<\/p>\n","protected":false},"featured_media":2266,"comment_status":"open","ping_status":"closed","template":"","meta":{"inline_featured_image":false},"product_cat":[79],"product_tag":[],"class_list":{"0":"post-2193","1":"product","2":"type-product","3":"status-publish","4":"has-post-thumbnail","6":"product_cat-motobomba","8":"first","9":"instock","10":"shipping-taxable","11":"product-type-simple"},"_links":{"self":[{"href":"https:\/\/xiangleal.com\/en\/wp-json\/wp\/v2\/product\/2193","targetHints":{"allow":["GET"]}}],"collection":[{"href":"https:\/\/xiangleal.com\/en\/wp-json\/wp\/v2\/product"}],"about":[{"href":"https:\/\/xiangleal.com\/en\/wp-json\/wp\/v2\/types\/product"}],"replies":[{"embeddable":true,"href":"https:\/\/xiangleal.com\/en\/wp-json\/wp\/v2\/comments?post=2193"}],"wp:featuredmedia":[{"embeddable":true,"href":"https:\/\/xiangleal.com\/en\/wp-json\/wp\/v2\/media\/2266"}],"wp:attachment":[{"href":"https:\/\/xiangleal.com\/en\/wp-json\/wp\/v2\/media?parent=2193"}],"wp:term":[{"taxonomy":"product_cat","embeddable":true,"href":"https:\/\/xiangleal.com\/en\/wp-json\/wp\/v2\/product_cat?post=2193"},{"taxonomy":"product_tag","embeddable":true,"href":"https:\/\/xiangleal.com\/en\/wp-json\/wp\/v2\/product_tag?post=2193"}],"curies":[{"name":"wp","href":"https:\/\/api.w.org\/{rel}","templated":true}]}}