{"id":2188,"date":"2024-05-18T15:05:18","date_gmt":"2024-05-18T13:05:18","guid":{"rendered":"https:\/\/xiangleal.com\/?post_type=product&#038;p=2188"},"modified":"2024-05-18T20:55:52","modified_gmt":"2024-05-18T18:55:52","slug":"motobomba-de-caudal-de-2-pulgada-wj-230","status":"publish","type":"product","link":"https:\/\/xiangleal.com\/en\/producto\/motobomba-de-caudal-de-2-pulgada-wj-230\/","title":{"rendered":"MOTOBOMBA DE CAUDAL DE 2 PULGADA &#8211; WJ-230"},"content":{"rendered":"<h3><strong>ESPECIFICACIONES TECNICAS<\/strong><\/h3>\n<p>\u2022 Potente motor a gasolina de 7.5 HP.<br \/>\n\u2022 Caudal impresionante de 40000 litros por hora.<br \/>\n\u2022 Capacidad de succi\u00f3n de hasta 8 metros<br \/>\n\u2022 elevaci\u00f3n de hasta 30 metros.<br \/>\n\u2022 Garant\u00eda l\u00edder en la industria de 3 a\u00f1os<br \/>\n\u2022 repuestos al 100% disponibles.<br \/>\n\u2022 3800 rpm<\/p>\n<h3><strong>DESCRIPCION<\/strong><\/h3>\n<p>\u2022 Calidad japonesa superior.<br \/>\n\u2022 Rendimiento excepcional en cualquier entorno.<br \/>\n\u2022 Garant\u00eda extendida y soporte de repuestos.<br \/>\n\u2022 Confianza y fiabilidad comprobadas.<\/p>\n","protected":false},"excerpt":{"rendered":"<h3><strong>APLICACIONES<\/strong><\/h3>\n<p>\u2022 Riego agr\u00edcola.<br \/>\n\u2022 Drenaje de \u00e1reas inundadas.<br \/>\n\u2022 Abastecimiento de agua en zonas remotas.<br \/>\n\u2022 Aplicaciones industriales y de construcci\u00f3n.<\/p>\n","protected":false},"featured_media":2256,"comment_status":"open","ping_status":"closed","template":"","meta":{"inline_featured_image":false},"product_cat":[79],"product_tag":[],"class_list":{"0":"post-2188","1":"product","2":"type-product","3":"status-publish","4":"has-post-thumbnail","6":"product_cat-motobomba","8":"first","9":"instock","10":"shipping-taxable","11":"product-type-simple"},"_links":{"self":[{"href":"https:\/\/xiangleal.com\/en\/wp-json\/wp\/v2\/product\/2188","targetHints":{"allow":["GET"]}}],"collection":[{"href":"https:\/\/xiangleal.com\/en\/wp-json\/wp\/v2\/product"}],"about":[{"href":"https:\/\/xiangleal.com\/en\/wp-json\/wp\/v2\/types\/product"}],"replies":[{"embeddable":true,"href":"https:\/\/xiangleal.com\/en\/wp-json\/wp\/v2\/comments?post=2188"}],"wp:featuredmedia":[{"embeddable":true,"href":"https:\/\/xiangleal.com\/en\/wp-json\/wp\/v2\/media\/2256"}],"wp:attachment":[{"href":"https:\/\/xiangleal.com\/en\/wp-json\/wp\/v2\/media?parent=2188"}],"wp:term":[{"taxonomy":"product_cat","embeddable":true,"href":"https:\/\/xiangleal.com\/en\/wp-json\/wp\/v2\/product_cat?post=2188"},{"taxonomy":"product_tag","embeddable":true,"href":"https:\/\/xiangleal.com\/en\/wp-json\/wp\/v2\/product_tag?post=2188"}],"curies":[{"name":"wp","href":"https:\/\/api.w.org\/{rel}","templated":true}]}}