{"id":53,"date":"2022-08-26T08:42:57","date_gmt":"2022-08-26T08:42:57","guid":{"rendered":"http:\/\/source.wpopal.com\/allegro2\/?page_id=53"},"modified":"2024-05-20T01:43:37","modified_gmt":"2024-05-19T23:43:37","slug":"about-us","status":"publish","type":"page","link":"https:\/\/xiangleal.com\/en\/about-us\/","title":{"rendered":"About us"},"content":{"rendered":"\t\t<div data-elementor-type=\"wp-page\" data-elementor-id=\"53\" class=\"elementor elementor-53\">\n\t\t\t\t\t\t<div class=\"elementor-section elementor-top-section elementor-element elementor-element-fc00f15 elementor-section-stretched elementor-section-boxed elementor-section-height-default elementor-section-height-default\" data-id=\"fc00f15\" data-element_type=\"section\" data-settings=\"{&quot;stretch_section&quot;:&quot;section-stretched&quot;}\">\n\t\t\t\t\t\t<div class=\"elementor-container elementor-column-gap-no\">\n\t\t\t\t\t<div class=\"elementor-column elementor-col-50 elementor-top-column elementor-element elementor-element-08e169a\" data-id=\"08e169a\" data-element_type=\"column\">\n\t\t\t<div class=\"elementor-widget-wrap elementor-element-populated\">\n\t\t\t\t\t\t<div class=\"elementor-element elementor-element-6ca8b1d elementor-widget elementor-widget-heading\" data-id=\"6ca8b1d\" data-element_type=\"widget\" data-widget_type=\"heading.default\">\n\t\t\t\t<div class=\"elementor-widget-container\">\n\t\t\t<style>\/*! elementor - v3.21.0 - 08-05-2024 *\/\n.elementor-heading-title{padding:0;margin:0;line-height:1}.elementor-widget-heading .elementor-heading-title[class*=elementor-size-]>a{color:inherit;font-size:inherit;line-height:inherit}.elementor-widget-heading .elementor-heading-title.elementor-size-small{font-size:15px}.elementor-widget-heading .elementor-heading-title.elementor-size-medium{font-size:19px}.elementor-widget-heading .elementor-heading-title.elementor-size-large{font-size:29px}.elementor-widget-heading .elementor-heading-title.elementor-size-xl{font-size:39px}.elementor-widget-heading .elementor-heading-title.elementor-size-xxl{font-size:59px}<\/style><h2 class=\"elementor-heading-title elementor-size-default\">HISTORIA<\/h2>\t\t<\/div>\n\t\t\t\t<\/div>\n\t\t\t\t<div class=\"elementor-element elementor-element-08dc044 elementor-widget elementor-widget-text-editor\" data-id=\"08dc044\" data-element_type=\"widget\" data-widget_type=\"text-editor.default\">\n\t\t\t\t<div class=\"elementor-widget-container\">\n\t\t\t<style>\/*! elementor - v3.21.0 - 08-05-2024 *\/\n.elementor-widget-text-editor.elementor-drop-cap-view-stacked .elementor-drop-cap{background-color:#69727d;color:#fff}.elementor-widget-text-editor.elementor-drop-cap-view-framed .elementor-drop-cap{color:#69727d;border:3px solid;background-color:transparent}.elementor-widget-text-editor:not(.elementor-drop-cap-view-default) .elementor-drop-cap{margin-top:8px}.elementor-widget-text-editor:not(.elementor-drop-cap-view-default) .elementor-drop-cap-letter{width:1em;height:1em}.elementor-widget-text-editor .elementor-drop-cap{float:left;text-align:center;line-height:1;font-size:50px}.elementor-widget-text-editor .elementor-drop-cap-letter{display:inline-block}<\/style>\t\t\t\t<p>Hace m\u00e1s de tres d\u00e9cadas, en las verdes colinas de Jap\u00f3n, un grupo de visionarios ingenieros y emprendedores se unieron con una misi\u00f3n com\u00fan: revolucionar la industria de la maquinaria agr\u00edcola e industrial. Fue as\u00ed como naci\u00f3 Xiang Leal, una empresa dedicada a la excelencia en la fabricaci\u00f3n de equipos que impulsan la productividad y el progreso en diversas \u00e1reas.<br \/>Desde sus humildes comienzos en un peque\u00f1o taller, Xiang Leal se destac\u00f3 por su enfoque en la calidad, la innovaci\u00f3n y el compromiso con sus clientes. Con el paso de los a\u00f1os, la marca se gan\u00f3 una reputaci\u00f3n envidiable por su atenci\u00f3n al detalle y su capacidad para adaptarse a las necesidades cambiantes del mercado.<br \/>Con el tiempo, Xiang Leal se expandi\u00f3 m\u00e1s all\u00e1 de las fronteras de Jap\u00f3n, llevando su experiencia y conocimientos a nuevos horizontes en todo el mundo. Sus productos, desde tractores y cosechadoras hasta equipos industriales de vanguardia, se convirtieron en sin\u00f3nimo de fiabilidad y rendimiento excepcional.<br \/>Pero m\u00e1s all\u00e1 de su \u00e9xito comercial, lo que realmente define a Xiang Leal es su compromiso con la comunidad y el medio ambiente. La empresa se ha dedicado activamente a iniciativas de responsabilidad social corporativa, apoyando proyectos agr\u00edcolas sostenibles, programas de educaci\u00f3n y desarrollo comunitario en las regiones donde opera.<br \/>Hoy en d\u00eda, con m\u00e1s de 30 a\u00f1os de experiencia en la industria, Xiang Leal contin\u00faa siendo un l\u00edder indiscutible en el campo de la maquinaria agr\u00edcola e industrial. Su legado de excelencia perdura, impulsado por la pasi\u00f3n y el compromiso de su equipo y la confianza inquebrantable de sus clientes en todo el mundo<\/p>\t\t\t\t\t\t<\/div>\n\t\t\t\t<\/div>\n\t\t\t\t<div class=\"elementor-element elementor-element-492883f elementor-widget elementor-widget-heading\" data-id=\"492883f\" data-element_type=\"widget\" data-widget_type=\"heading.default\">\n\t\t\t\t<div class=\"elementor-widget-container\">\n\t\t\t<h2 class=\"elementor-heading-title elementor-size-default\">Misi\u00f3n<\/h2>\t\t<\/div>\n\t\t\t\t<\/div>\n\t\t\t\t<div class=\"elementor-element elementor-element-d4d277a elementor-widget elementor-widget-text-editor\" data-id=\"d4d277a\" data-element_type=\"widget\" data-widget_type=\"text-editor.default\">\n\t\t\t\t<div class=\"elementor-widget-container\">\n\t\t\t\t\t\t\t<p>En Xiang Leal, nuestra misi\u00f3n es proporcionar soluciones innovadoras y de alta calidad en maquinaria agr\u00edcola, equipamiento para gomer\u00edas, lavaderos, chaper\u00edas y m\u00e1quinas de uso industrial. Nos esforzamos por ser l\u00edderes en la industria japonesa, ofreciendo productos confiables que aumenten la productividad y la eficiencia en diversas aplicaciones. Estamos comprometidos con la satisfacci\u00f3n del cliente, la excelencia en la fabricaci\u00f3n y el desarrollo sostenible, contribuyendo al progreso y bienestar de nuestras comunidades.<\/p>\t\t\t\t\t\t<\/div>\n\t\t\t\t<\/div>\n\t\t\t\t<div class=\"elementor-element elementor-element-c28f4ec elementor-widget elementor-widget-heading\" data-id=\"c28f4ec\" data-element_type=\"widget\" data-widget_type=\"heading.default\">\n\t\t\t\t<div class=\"elementor-widget-container\">\n\t\t\t<h5 class=\"elementor-heading-title elementor-size-default\">Visi\u00f3n<\/h5>\t\t<\/div>\n\t\t\t\t<\/div>\n\t\t\t\t<div class=\"elementor-element elementor-element-a116b7c elementor-widget elementor-widget-spacer\" data-id=\"a116b7c\" data-element_type=\"widget\" data-widget_type=\"spacer.default\">\n\t\t\t\t<div class=\"elementor-widget-container\">\n\t\t\t<style>\/*! elementor - v3.21.0 - 08-05-2024 *\/\n.elementor-column .elementor-spacer-inner{height:var(--spacer-size)}.e-con{--container-widget-width:100%}.e-con-inner>.elementor-widget-spacer,.e-con>.elementor-widget-spacer{width:var(--container-widget-width,var(--spacer-size));--align-self:var(--container-widget-align-self,initial);--flex-shrink:0}.e-con-inner>.elementor-widget-spacer>.elementor-widget-container,.e-con>.elementor-widget-spacer>.elementor-widget-container{height:100%;width:100%}.e-con-inner>.elementor-widget-spacer>.elementor-widget-container>.elementor-spacer,.e-con>.elementor-widget-spacer>.elementor-widget-container>.elementor-spacer{height:100%}.e-con-inner>.elementor-widget-spacer>.elementor-widget-container>.elementor-spacer>.elementor-spacer-inner,.e-con>.elementor-widget-spacer>.elementor-widget-container>.elementor-spacer>.elementor-spacer-inner{height:var(--container-widget-height,var(--spacer-size))}.e-con-inner>.elementor-widget-spacer.elementor-widget-empty,.e-con>.elementor-widget-spacer.elementor-widget-empty{position:relative;min-height:22px;min-width:22px}.e-con-inner>.elementor-widget-spacer.elementor-widget-empty .elementor-widget-empty-icon,.e-con>.elementor-widget-spacer.elementor-widget-empty .elementor-widget-empty-icon{position:absolute;top:0;bottom:0;left:0;right:0;margin:auto;padding:0;width:22px;height:22px}<\/style>\t\t<div class=\"elementor-spacer\">\n\t\t\t<div class=\"elementor-spacer-inner\"><\/div>\n\t\t<\/div>\n\t\t\t\t<\/div>\n\t\t\t\t<\/div>\n\t\t\t\t<div class=\"elementor-element elementor-element-69f1f6b elementor-widget elementor-widget-text-editor\" data-id=\"69f1f6b\" data-element_type=\"widget\" data-widget_type=\"text-editor.default\">\n\t\t\t\t<div class=\"elementor-widget-container\">\n\t\t\t\t\t\t\t<p>Nuestra visi\u00f3n es ser reconocidos a nivel nacional e internacional como un referente de calidad y confiabilidad en la industria de maquinaria japonesa. Nos esforzamos por expandir continuamente nuestra presencia en nuevos mercados, diversificar nuestra gama de productos y adoptar tecnolog\u00edas avanzadas para mantenernos a la vanguardia de la innovaci\u00f3n. Buscamos ser una empresa que inspire confianza y respeto, tanto para nuestros clientes como para nuestros colaboradores, creando un impacto positivo y duradero en la industria y en la sociedad en su conjunto.<\/p>\t\t\t\t\t\t<\/div>\n\t\t\t\t<\/div>\n\t\t\t\t\t<\/div>\n\t\t<\/div>\n\t\t\t\t<div class=\"elementor-column elementor-col-50 elementor-top-column elementor-element elementor-element-0fe1044\" data-id=\"0fe1044\" data-element_type=\"column\">\n\t\t\t<div class=\"elementor-widget-wrap elementor-element-populated\">\n\t\t\t\t\t\t<div class=\"elementor-element elementor-element-0b44fea elementor-widget elementor-widget-image\" data-id=\"0b44fea\" data-element_type=\"widget\" data-widget_type=\"image.default\">\n\t\t\t\t<div class=\"elementor-widget-container\">\n\t\t\t<style>\/*! elementor - v3.21.0 - 08-05-2024 *\/\n.elementor-widget-image{text-align:center}.elementor-widget-image a{display:inline-block}.elementor-widget-image a img[src$=\".svg\"]{width:48px}.elementor-widget-image img{vertical-align:middle;display:inline-block}<\/style>\t\t\t\t\t\t\t\t\t\t<img fetchpriority=\"high\" decoding=\"async\" width=\"1600\" height=\"1067\" src=\"https:\/\/xiangleal.com\/wp-content\/uploads\/2024\/05\/por-1.jpg\" class=\"attachment-full size-full wp-image-2297\" alt=\"\" srcset=\"https:\/\/xiangleal.com\/wp-content\/uploads\/2024\/05\/por-1.jpg 1600w, https:\/\/xiangleal.com\/wp-content\/uploads\/2024\/05\/por-1-300x200.jpg 300w, https:\/\/xiangleal.com\/wp-content\/uploads\/2024\/05\/por-1-1024x683.jpg 1024w, https:\/\/xiangleal.com\/wp-content\/uploads\/2024\/05\/por-1-768x512.jpg 768w, https:\/\/xiangleal.com\/wp-content\/uploads\/2024\/05\/por-1-1536x1024.jpg 1536w, https:\/\/xiangleal.com\/wp-content\/uploads\/2024\/05\/por-1-800x534.jpg 800w\" sizes=\"(max-width: 1600px) 100vw, 1600px\" \/>\t\t\t\t\t\t\t\t\t\t\t\t\t<\/div>\n\t\t\t\t<\/div>\n\t\t\t\t\t<\/div>\n\t\t<\/div>\n\t\t\t\t\t<\/div>\n\t\t<\/div>\n\t\t\t\t<div class=\"elementor-section elementor-top-section elementor-element elementor-element-eee0214 elementor-section-stretched elementor-section-boxed elementor-section-height-default elementor-section-height-default\" data-id=\"eee0214\" data-element_type=\"section\" data-settings=\"{&quot;stretch_section&quot;:&quot;section-stretched&quot;}\">\n\t\t\t\t\t\t<div class=\"elementor-container elementor-column-gap-no\">\n\t\t\t\t\t<div class=\"elementor-column elementor-col-100 elementor-top-column elementor-element elementor-element-a8b383d\" data-id=\"a8b383d\" data-element_type=\"column\" data-settings=\"{&quot;background_background&quot;:&quot;classic&quot;}\">\n\t\t\t<div class=\"elementor-widget-wrap elementor-element-populated\">\n\t\t\t\t\t\t<div class=\"elementor-section elementor-inner-section elementor-element elementor-element-02cc06d elementor-section-boxed elementor-section-height-default elementor-section-height-default\" data-id=\"02cc06d\" data-element_type=\"section\">\n\t\t\t\t\t\t<div class=\"elementor-container elementor-column-gap-no\">\n\t\t\t\t\t<div class=\"elementor-column elementor-col-25 elementor-inner-column elementor-element elementor-element-a18e53f\" data-id=\"a18e53f\" data-element_type=\"column\">\n\t\t\t<div class=\"elementor-widget-wrap elementor-element-populated\">\n\t\t\t\t\t\t<div class=\"elementor-element elementor-element-d346151 elementor-alignment-center elementor-widget__width-auto elementor-vertical-align-top elementor-widget elementor-widget-counter\" data-id=\"d346151\" data-element_type=\"widget\" data-widget_type=\"counter.default\">\n\t\t\t\t<div class=\"elementor-widget-container\">\n\t\t\t<style>\/*! elementor - v3.21.0 - 08-05-2024 *\/\n.elementor-counter{display:flex;justify-content:center;align-items:stretch;flex-direction:column-reverse}.elementor-counter .elementor-counter-number{flex-grow:var(--counter-number-grow,0)}.elementor-counter .elementor-counter-number-wrapper{flex:1;display:flex;font-size:69px;font-weight:600;line-height:1;text-align:center}.elementor-counter .elementor-counter-number-prefix{text-align:end;flex-grow:var(--counter-prefix-grow,1);white-space:pre-wrap}.elementor-counter .elementor-counter-number-suffix{text-align:start;flex-grow:var(--counter-suffix-grow,1);white-space:pre-wrap}.elementor-counter .elementor-counter-title{flex:1;display:flex;justify-content:center;align-items:center;margin:0;padding:0;font-size:19px;font-weight:400;line-height:2.5}<\/style>        <div class=\"elementor-counter\">\n                        <div class=\"elementor-counter-wrapper\">\n                <div class=\"elementor-counter-number-wrapper\">\n                    <span class=\"elementor-counter-number-prefix\"><\/span>\n                    <span class=\"elementor-counter-number\" data-duration=\"2000\" data-to-value=\"2900\" data-delimiter=\",\">0<\/span>\n                    <span class=\"elementor-counter-number-suffix\"><\/span>\n                <\/div>\n\n                <div class=\"elementor-counter-title-wrap\">\n                                            <div class=\"elementor-counter-title\">Clientes<\/div>\n                                                                            <\/div>\n            <\/div>\n        <\/div>\n        \t\t<\/div>\n\t\t\t\t<\/div>\n\t\t\t\t\t<\/div>\n\t\t<\/div>\n\t\t\t\t<div class=\"elementor-column elementor-col-25 elementor-inner-column elementor-element elementor-element-c7c7ea4\" data-id=\"c7c7ea4\" data-element_type=\"column\">\n\t\t\t<div class=\"elementor-widget-wrap elementor-element-populated\">\n\t\t\t\t\t\t<div class=\"elementor-element elementor-element-85dcee6 elementor-alignment-center elementor-widget__width-auto elementor-vertical-align-top elementor-widget elementor-widget-counter\" data-id=\"85dcee6\" data-element_type=\"widget\" data-widget_type=\"counter.default\">\n\t\t\t\t<div class=\"elementor-widget-container\">\n\t\t\t        <div class=\"elementor-counter\">\n                        <div class=\"elementor-counter-wrapper\">\n                <div class=\"elementor-counter-number-wrapper\">\n                    <span class=\"elementor-counter-number-prefix\"><\/span>\n                    <span class=\"elementor-counter-number\" data-duration=\"2000\" data-to-value=\"20\" data-delimiter=\",\">0<\/span>\n                    <span class=\"elementor-counter-number-suffix\"><\/span>\n                <\/div>\n\n                <div class=\"elementor-counter-title-wrap\">\n                                            <div class=\"elementor-counter-title\">Paises<\/div>\n                                                                            <\/div>\n            <\/div>\n        <\/div>\n        \t\t<\/div>\n\t\t\t\t<\/div>\n\t\t\t\t\t<\/div>\n\t\t<\/div>\n\t\t\t\t<div class=\"elementor-column elementor-col-25 elementor-inner-column elementor-element elementor-element-2f41529\" data-id=\"2f41529\" data-element_type=\"column\">\n\t\t\t<div class=\"elementor-widget-wrap elementor-element-populated\">\n\t\t\t\t\t\t<div class=\"elementor-element elementor-element-96f53fd elementor-alignment-center elementor-widget__width-auto elementor-vertical-align-top elementor-widget elementor-widget-counter\" data-id=\"96f53fd\" data-element_type=\"widget\" data-widget_type=\"counter.default\">\n\t\t\t\t<div class=\"elementor-widget-container\">\n\t\t\t        <div class=\"elementor-counter\">\n                        <div class=\"elementor-counter-wrapper\">\n                <div class=\"elementor-counter-number-wrapper\">\n                    <span class=\"elementor-counter-number-prefix\"><\/span>\n                    <span class=\"elementor-counter-number\" data-duration=\"2000\" data-to-value=\"250130\" data-delimiter=\",\">0<\/span>\n                    <span class=\"elementor-counter-number-suffix\"><\/span>\n                <\/div>\n\n                <div class=\"elementor-counter-title-wrap\">\n                                            <div class=\"elementor-counter-title\">Envios<\/div>\n                                                                            <\/div>\n            <\/div>\n        <\/div>\n        \t\t<\/div>\n\t\t\t\t<\/div>\n\t\t\t\t\t<\/div>\n\t\t<\/div>\n\t\t\t\t<div class=\"elementor-column elementor-col-25 elementor-inner-column elementor-element elementor-element-85b7b03\" data-id=\"85b7b03\" data-element_type=\"column\">\n\t\t\t<div class=\"elementor-widget-wrap elementor-element-populated\">\n\t\t\t\t\t\t<div class=\"elementor-element elementor-element-339d832 elementor-alignment-center elementor-widget__width-auto elementor-vertical-align-top elementor-widget elementor-widget-counter\" data-id=\"339d832\" data-element_type=\"widget\" data-widget_type=\"counter.default\">\n\t\t\t\t<div class=\"elementor-widget-container\">\n\t\t\t        <div class=\"elementor-counter\">\n                        <div class=\"elementor-counter-wrapper\">\n                <div class=\"elementor-counter-number-wrapper\">\n                    <span class=\"elementor-counter-number-prefix\"><\/span>\n                    <span class=\"elementor-counter-number\" data-duration=\"2000\" data-to-value=\"1360\" data-delimiter=\",\">0<\/span>\n                    <span class=\"elementor-counter-number-suffix\"><\/span>\n                <\/div>\n\n                <div class=\"elementor-counter-title-wrap\">\n                                            <div class=\"elementor-counter-title\">Empleados<\/div>\n                                                                            <\/div>\n            <\/div>\n        <\/div>\n        \t\t<\/div>\n\t\t\t\t<\/div>\n\t\t\t\t\t<\/div>\n\t\t<\/div>\n\t\t\t\t\t<\/div>\n\t\t<\/div>\n\t\t\t\t\t<\/div>\n\t\t<\/div>\n\t\t\t\t\t<\/div>\n\t\t<\/div>\n\t\t\t\t<\/div>\n\t\t","protected":false},"excerpt":{"rendered":"<p>HISTORIA Hace m\u00e1s de tres d\u00e9cadas, en las verdes colinas de Jap\u00f3n, un grupo de visionarios ingenieros y emprendedores se unieron con una misi\u00f3n com\u00fan: revolucionar la industria de la maquinaria agr\u00edcola e industrial. Fue as\u00ed como naci\u00f3 Xiang Leal, una empresa dedicada a la excelencia en la fabricaci\u00f3n de equipos que impulsan la productividad [&hellip;]<\/p>\n","protected":false},"author":1,"featured_media":0,"parent":0,"menu_order":0,"comment_status":"closed","ping_status":"closed","template":"template-homepage.php","meta":{"inline_featured_image":false,"footnotes":""},"class_list":["post-53","page","type-page","status-publish","hentry"],"_links":{"self":[{"href":"https:\/\/xiangleal.com\/en\/wp-json\/wp\/v2\/pages\/53","targetHints":{"allow":["GET"]}}],"collection":[{"href":"https:\/\/xiangleal.com\/en\/wp-json\/wp\/v2\/pages"}],"about":[{"href":"https:\/\/xiangleal.com\/en\/wp-json\/wp\/v2\/types\/page"}],"author":[{"embeddable":true,"href":"https:\/\/xiangleal.com\/en\/wp-json\/wp\/v2\/users\/1"}],"replies":[{"embeddable":true,"href":"https:\/\/xiangleal.com\/en\/wp-json\/wp\/v2\/comments?post=53"}],"version-history":[{"count":3,"href":"https:\/\/xiangleal.com\/en\/wp-json\/wp\/v2\/pages\/53\/revisions"}],"predecessor-version":[{"id":2303,"href":"https:\/\/xiangleal.com\/en\/wp-json\/wp\/v2\/pages\/53\/revisions\/2303"}],"wp:attachment":[{"href":"https:\/\/xiangleal.com\/en\/wp-json\/wp\/v2\/media?parent=53"}],"curies":[{"name":"wp","href":"https:\/\/api.w.org\/{rel}","templated":true}]}}